{"id":536,"date":"2015-10-22T06:54:31","date_gmt":"2015-10-22T06:54:31","guid":{"rendered":"http:\/\/plethorathemes.com\/healthx\/?page_id=536"},"modified":"2026-04-14T06:04:38","modified_gmt":"2026-04-14T06:04:38","slug":"about-us","status":"publish","type":"page","link":"https:\/\/marmarisavantaj.com\/en\/about-us\/","title":{"rendered":"About US"},"content":{"rendered":"\n<h1><strong>ABOUT US<\/strong><\/h1>\n\n  <div class=\"banner has-hover\" id=\"banner-1386122203\">\n          <div class=\"banner-inner fill\">\n        <div class=\"banner-bg fill\" >\n            <img loading=\"lazy\" decoding=\"async\" width=\"600\" height=\"400\" src=\"https:\/\/marmarisavantaj.com\/en\/wp-content\/uploads\/2019\/02\/cleopatra-island-boat-tour-7.jpg\" class=\"bg attachment-large size-large\" alt=\"\" \/>                                    \n                    <\/div>\n\t\t\n        <div class=\"banner-layers container\">\n            <div class=\"fill banner-link\"><\/div>            \n\n   <div id=\"text-box-1493658236\" class=\"text-box banner-layer x50 md-x50 lg-x50 y50 md-y50 lg-y50 res-text\">\n                                <div class=\"text-box-content text dark\">\n              \n              <div class=\"text-inner text-center\">\n                  \n\n\n              <\/div>\n           <\/div>\n                            \n<style>\n#text-box-1493658236 {\n  width: 60%;\n}\n#text-box-1493658236 .text-box-content {\n  font-size: 100%;\n}\n<\/style>\n    <\/div>\n \n\n        <\/div>\n      <\/div>\n\n            \n<style>\n#banner-1386122203 {\n  padding-top: 500px;\n}\n<\/style>\n  <\/div>\n\n\n\n\t<section class=\"section\" id=\"section_1656858604\">\n\t\t<div class=\"section-bg fill\" >\n\t\t\t\t\t\t\t\t\t\n\t\t\t\n\n\t\t<\/div>\n\n\t\t\n\n\t\t<div class=\"section-content relative\">\n\t\t\t\n\n\t<div id=\"gap-843533621\" class=\"gap-element clearfix\" style=\"display:block; height:auto;\">\n\t\t\n<style>\n#gap-843533621 {\n  padding-top: 30px;\n}\n<\/style>\n\t<\/div>\n\t\n\n<div class=\"row\"  id=\"row-1604518680\">\n\n\n\t<div id=\"col-263937271\" class=\"col medium-4 small-12 large-4\"  >\n\t\t\t\t<div class=\"col-inner\"  >\n\t\t\t\n\t\t\t\n\n\t<div id=\"text-2202745817\" class=\"text\">\n\t\t\n\n<h2>About Us<\/h2>\n\t\t\n<style>\n#text-2202745817 {\n  font-size: 1.75rem;\n}\n<\/style>\n\t<\/div>\n\t\n\n\t\t<\/div>\n\t\t\t\t\t<\/div>\n\n\t\n\n\t<div id=\"col-867165515\" class=\"col medium-8 small-12 large-8\"  >\n\t\t\t\t<div class=\"col-inner\"  >\n\t\t\t\n\t\t\t\n\n<h2><strong><span style=\"font-size: 11.0pt; font-family: 'Arial','sans-serif';\">Who are we?<\/span><\/strong><\/h2>\n<p><span style=\"font-size: 11.0pt; font-family: 'Arial','sans-serif';\">\u00c7al\u0131\u015fkanlar Tourism Travel Agency is the most established and long-serving agent of Marmaris and has been serving since 1994.<\/span><\/p>\n<p><span style=\"font-size: 11.0pt; font-family: 'Arial','sans-serif';\">There are also 7 offices in Marmaris. Internet sales service is carried out via our single page marmarisavantaj.com. <\/span><\/p>\n<p><span style=\"font-size: 11.0pt; font-family: 'Arial','sans-serif';\">Mainly Hisar\u00f6n\u00fc also in Cleopatra and Marmaris with our boats connected to the agency our vision is to experience you holiday lovers an unforgettable tour with quality and reasonable prices.<\/span><\/p>\n<p><span style=\"font-size: 11.0pt; font-family: 'Arial','sans-serif';\">We are at your side in every detail of the tour in order to have the best and beautiful tour with our own \/ rented vehicles and free tour services.<\/span><\/p>\n<p><span style=\"font-size: 11.0pt; font-family: 'Arial','sans-serif';\">A member of TURSAB, \u00c7al\u0131\u015fkanlar Tourism A travel agency aims to provide you to quality service at reasonable prices.<\/span><\/p>\n<p><span style=\"font-size: 11.0pt; font-family: 'Arial','sans-serif';\">\u00a0Not only with the boat tour but also we will continue to provide you the best service for years with the new tours we have added to our structure.<\/span><\/p>\n\n\t\t<\/div>\n\t\t\t\t\t<\/div>\n\n\t\n\n<\/div>\n\n\t\t<\/div>\n\n\t\t\n<style>\n#section_1656858604 {\n  padding-top: 30px;\n  padding-bottom: 30px;\n}\n<\/style>\n\t<\/section>\n\t\n\n","protected":false},"excerpt":{"rendered":"ABOUT US #text-box-1116140855 { width: 60%; } #text-box-1116140855 .text-box-content { font-size: 100%; } #banner-1655074978 { padding-top: 500px; } #gap-557252562 { padding-top: 30px; } About Us #text-1718717257 { font-size: 1.75rem; } Who are we? \u00c7al\u0131\u015fkanlar Tourism Travel Agency is the most established and long-serving agent of Marmaris and has been serving since 1994. There are also [...]","protected":false},"author":4,"featured_media":0,"parent":0,"menu_order":0,"comment_status":"closed","ping_status":"closed","template":"","meta":{"footnotes":""},"class_list":["post-536","page","type-page","status-publish","hentry"],"yoast_head":"<!-- This site is optimized with the Yoast SEO plugin v27.3 - https:\/\/yoast.com\/product\/yoast-seo-wordpress\/ -->\n<title>About US - Marmaris Excursions. Boat tours and Activities<\/title>\n<meta name=\"robots\" content=\"index, follow, max-snippet:-1, max-image-preview:large, max-video-preview:-1\" \/>\n<link rel=\"canonical\" href=\"https:\/\/marmarisavantaj.com\/en\/about-us\/\" \/>\n<meta property=\"og:locale\" content=\"en_GB\" \/>\n<meta property=\"og:type\" content=\"article\" \/>\n<meta property=\"og:title\" content=\"About US - Marmaris Excursions. Boat tours and Activities\" \/>\n<meta property=\"og:url\" content=\"https:\/\/marmarisavantaj.com\/en\/about-us\/\" \/>\n<meta property=\"og:site_name\" content=\"Marmaris Excursions. Boat tours and Activities\" \/>\n<meta property=\"article:modified_time\" content=\"2026-04-14T06:04:38+00:00\" \/>\n<meta name=\"twitter:card\" content=\"summary_large_image\" \/>\n<meta name=\"twitter:label1\" content=\"Estimated reading time\" \/>\n\t<meta name=\"twitter:data1\" content=\"1 minute\" \/>\n<script type=\"application\/ld+json\" class=\"yoast-schema-graph\">{\"@context\":\"https:\\\/\\\/schema.org\",\"@graph\":[{\"@type\":\"WebPage\",\"@id\":\"https:\\\/\\\/marmarisavantaj.com\\\/en\\\/about-us\\\/\",\"url\":\"https:\\\/\\\/marmarisavantaj.com\\\/en\\\/about-us\\\/\",\"name\":\"About US - Marmaris Excursions. Boat tours and Activities\",\"isPartOf\":{\"@id\":\"https:\\\/\\\/marmarisavantaj.com\\\/en\\\/#website\"},\"datePublished\":\"2015-10-22T06:54:31+00:00\",\"dateModified\":\"2026-04-14T06:04:38+00:00\",\"breadcrumb\":{\"@id\":\"https:\\\/\\\/marmarisavantaj.com\\\/en\\\/about-us\\\/#breadcrumb\"},\"inLanguage\":\"en-GB\",\"potentialAction\":[{\"@type\":\"ReadAction\",\"target\":[\"https:\\\/\\\/marmarisavantaj.com\\\/en\\\/about-us\\\/\"]}]},{\"@type\":\"BreadcrumbList\",\"@id\":\"https:\\\/\\\/marmarisavantaj.com\\\/en\\\/about-us\\\/#breadcrumb\",\"itemListElement\":[{\"@type\":\"ListItem\",\"position\":1,\"name\":\"Home\",\"item\":\"https:\\\/\\\/marmarisavantaj.com\\\/en\\\/\"},{\"@type\":\"ListItem\",\"position\":2,\"name\":\"About US\"}]},{\"@type\":\"WebSite\",\"@id\":\"https:\\\/\\\/marmarisavantaj.com\\\/en\\\/#website\",\"url\":\"https:\\\/\\\/marmarisavantaj.com\\\/en\\\/\",\"name\":\"Marmaris Excursions. Boat tours and Activities\",\"description\":\"Marmaris Excursions. Boat tours . Best price\",\"potentialAction\":[{\"@type\":\"SearchAction\",\"target\":{\"@type\":\"EntryPoint\",\"urlTemplate\":\"https:\\\/\\\/marmarisavantaj.com\\\/en\\\/?s={search_term_string}\"},\"query-input\":{\"@type\":\"PropertyValueSpecification\",\"valueRequired\":true,\"valueName\":\"search_term_string\"}}],\"inLanguage\":\"en-GB\"}]}<\/script>\n<!-- \/ Yoast SEO plugin. -->","yoast_head_json":{"title":"About US - Marmaris Excursions. Boat tours and Activities","robots":{"index":"index","follow":"follow","max-snippet":"max-snippet:-1","max-image-preview":"max-image-preview:large","max-video-preview":"max-video-preview:-1"},"canonical":"https:\/\/marmarisavantaj.com\/en\/about-us\/","og_locale":"en_GB","og_type":"article","og_title":"About US - Marmaris Excursions. Boat tours and Activities","og_url":"https:\/\/marmarisavantaj.com\/en\/about-us\/","og_site_name":"Marmaris Excursions. Boat tours and Activities","article_modified_time":"2026-04-14T06:04:38+00:00","twitter_card":"summary_large_image","twitter_misc":{"Estimated reading time":"1 minute"},"schema":{"@context":"https:\/\/schema.org","@graph":[{"@type":"WebPage","@id":"https:\/\/marmarisavantaj.com\/en\/about-us\/","url":"https:\/\/marmarisavantaj.com\/en\/about-us\/","name":"About US - Marmaris Excursions. Boat tours and Activities","isPartOf":{"@id":"https:\/\/marmarisavantaj.com\/en\/#website"},"datePublished":"2015-10-22T06:54:31+00:00","dateModified":"2026-04-14T06:04:38+00:00","breadcrumb":{"@id":"https:\/\/marmarisavantaj.com\/en\/about-us\/#breadcrumb"},"inLanguage":"en-GB","potentialAction":[{"@type":"ReadAction","target":["https:\/\/marmarisavantaj.com\/en\/about-us\/"]}]},{"@type":"BreadcrumbList","@id":"https:\/\/marmarisavantaj.com\/en\/about-us\/#breadcrumb","itemListElement":[{"@type":"ListItem","position":1,"name":"Home","item":"https:\/\/marmarisavantaj.com\/en\/"},{"@type":"ListItem","position":2,"name":"About US"}]},{"@type":"WebSite","@id":"https:\/\/marmarisavantaj.com\/en\/#website","url":"https:\/\/marmarisavantaj.com\/en\/","name":"Marmaris Excursions. Boat tours and Activities","description":"Marmaris Excursions. Boat tours . Best price","potentialAction":[{"@type":"SearchAction","target":{"@type":"EntryPoint","urlTemplate":"https:\/\/marmarisavantaj.com\/en\/?s={search_term_string}"},"query-input":{"@type":"PropertyValueSpecification","valueRequired":true,"valueName":"search_term_string"}}],"inLanguage":"en-GB"}]}},"_links":{"self":[{"href":"https:\/\/marmarisavantaj.com\/en\/wp-json\/wp\/v2\/pages\/536","targetHints":{"allow":["GET"]}}],"collection":[{"href":"https:\/\/marmarisavantaj.com\/en\/wp-json\/wp\/v2\/pages"}],"about":[{"href":"https:\/\/marmarisavantaj.com\/en\/wp-json\/wp\/v2\/types\/page"}],"author":[{"embeddable":true,"href":"https:\/\/marmarisavantaj.com\/en\/wp-json\/wp\/v2\/users\/4"}],"replies":[{"embeddable":true,"href":"https:\/\/marmarisavantaj.com\/en\/wp-json\/wp\/v2\/comments?post=536"}],"version-history":[{"count":5,"href":"https:\/\/marmarisavantaj.com\/en\/wp-json\/wp\/v2\/pages\/536\/revisions"}],"predecessor-version":[{"id":3002,"href":"https:\/\/marmarisavantaj.com\/en\/wp-json\/wp\/v2\/pages\/536\/revisions\/3002"}],"wp:attachment":[{"href":"https:\/\/marmarisavantaj.com\/en\/wp-json\/wp\/v2\/media?parent=536"}],"curies":[{"name":"wp","href":"https:\/\/api.w.org\/{rel}","templated":true}]}}