{"id":305,"date":"2019-04-27T06:46:39","date_gmt":"2019-04-27T06:46:39","guid":{"rendered":"https:\/\/marmarisavantaj.com\/ru\/?page_id=305"},"modified":"2019-04-27T06:46:39","modified_gmt":"2019-04-27T06:46:39","slug":"mesafeli-satis-sozlesmesi","status":"publish","type":"page","link":"https:\/\/marmarisavantaj.com\/ru\/mesafeli-satis-sozlesmesi\/","title":{"rendered":"Mesafeli Sat\u0131\u015f S\u00f6zle\u015fmesi"},"content":{"rendered":"<p><strong>MESAFEL\u0130 SATI\u015e S\u00d6ZLE\u015eMES\u0130 :<\/strong><\/p>\n<ol>\n<li>\u00c7ALI\u015eKANLAR TUR\u0130ZM SEYAHAT ACENTASI sahibi oldu\u011fu www.marmarisavantaj.com isimli web sitesinde, kendi tekneleri ile ba\u015fka seyahat acentalar\u0131n\u0131n turlar\u0131n\u0131n \u00f6ncelikle \u00f6n rezervasyonlar\u0131n\u0131 yapmakta , yap\u0131lan rezervasyon hitam\u0131nda m\u00fc\u015fteri tura gelirse biletleri o g\u00fcn teknede\/ara\u00e7ta kendilerine teslim etmektedir.. E\u011fer kredi kart\u0131 ile sat\u0131\u015f olacaksa kredi kart\u0131 ile al\u0131m imkan\u0131 da sitede m\u00fc\u015fterilere sunulmaktad\u0131r.<\/li>\n<\/ol>\n<p>www.marmarisavantaj.com \u00a0kendi tekneleri haricindeki yap\u0131lan turlar\u0131 yerine \u00a0getirmekle sorumlu de\u011fil, yaln\u0131zca size \u00f6n rezervasyon imkan\u0131 ile\u00a0 ba\u015fka acentalar\u0131n d\u00fczenledi\u011fi turlara kat\u0131l\u0131m imkan\u0131 sunmaktad\u0131r. \u00a0Hizmetlerinin kullan\u0131m\u0131 i\u00e7in yaln\u0131zca a\u015fa\u011f\u0131daki kullan\u0131m \u00a0\u015fartlar\u0131 ge\u00e7erlidir.<\/p>\n<ol start=\"2\">\n<li>www.marmarisavantaj.com isimli web sitesi ve de i\u015fbu web sitesi \u00fczerindeki kupon sat\u0131\u015f sistemi,<\/li>\n<\/ol>\n<p>\u00c7ALI\u015eKANLAR TUR\u0130ZM SEYAHAT ACENTASI taraf\u0131ndan \u0130n\u00f6n\u00fc Cad. Erden Apt. No :25\/8 \u00a0Marmaris MU\u011eLA<\/p>\n<p>adresinde hizmet vermektedir. Firma ad\u0131na konu ile ilgili problemler de 05321364602 Nolu telefon ileti\u015fim<\/p>\n<p>maksatl\u0131 kullan\u0131labilecektir.<\/p>\n<ol start=\"3\">\n<li>M\u00fc\u015fteri sat\u0131\u015f i\u015flemleri esnas\u0131nda ilgili rezervasyon yapt\u0131rarak veya \u2018\u2019sat\u0131n al \u2018\u2019 butona basarak \u2018\u2019Gizlilik s\u00f6zle\u015fmemizi\u2019\u2019 ve \u2018\u2019mesafeli sat\u0131\u015f s\u00f6zle\u015fmesini\u2019\u2019 kabul edilmi\u015f say\u0131l\u0131r. Bu durumda taraf\u0131m\u0131zdan verilen hizmetlerden \u00a0yararlanarak, i\u015fbu Kullan\u0131m \u015eartlar\u0131n\u0131 onaylad\u0131\u011f\u0131n\u0131z\u0131 kabul etmi\u015f olursunuz. \u0130\u015fbu Kullan\u0131m \u015eartlar\u0131<\/li>\n<\/ol>\n<p>her zaman www.marmarisavantaj.com adresinden \u00e7a\u011f\u0131r\u0131labilir, bas\u0131labilir ve yerel olarak haf\u0131zaya kaydedilebilir.<\/p>\n<ol start=\"4\">\n<li>www.marmarisavantaj.com \u00fczerinden a\u015fa\u011f\u0131daki \u015fekilde turlara rezervasyon yapt\u0131rabilir veya kredi kart\u0131 ile sat\u0131n alabilirsiniz.<\/li>\n<\/ol>\n<p>4.1 Giri\u015f sayfas\u0131nda gitmeye karar verdi\u011finiz turu se\u00e7tikten\u00a0 \u00a0sonra a\u00e7\u0131lan sayfada &#171;Sepete Ekle &#187; butonuna bas\u0131n.<\/p>\n<p>4.2 Arzu etti\u011finiz ki\u015fi say\u0131s\u0131n\u0131 se\u00e7in.<\/p>\n<p>4.3 Ad\u0131n\u0131z\u0131, e-mail adresinizi ve banka kredi kart\u0131 bilgilerinizi girin.<\/p>\n<p>4.4 Al\u0131m teklifiniz, Kullan\u0131m \u015eartlar\u0131n\u0131 onaylaman\u0131z ve &#171;Sat\u0131n \u00a0Al&#187; butonuna basman\u0131z suretiyle<\/p>\n<p>sunulmu\u015f olacakt\u0131r. Al\u0131m s\u00f6zle\u015fmesinin kabul\u00fc, size sitemiz taraf\u0131ndan sanal bilet \u00a0g\u00f6nderilmesi ile<\/p>\n<p>ger\u00e7ekle\u015ftirilir.<\/p>\n<p>4.5 Sat\u0131n \u00a0alma \u00a0i\u015flemi hitam\u0131nda y\u00f6nlendirilecek sayfaya Kredi Kart\u0131 bilgilerinizin m\u00fc\u015fteri taraf\u0131ndan<\/p>\n<p>girilmesine m\u00fcteakip banka taraf\u0131ndan onay\u0131n verilmesi ile sat\u0131\u015f i\u015flemi ger\u00e7ekle\u015fmi\u015f olacakt\u0131r.<\/p>\n<p>4.5 Bileti bast\u0131r\u0131n veya tura kat\u0131l\u0131rken ilgililere g\u00f6sterin . Bu bileti ilgili ortakta veya \u00a0ba\u015fka bir ifadeyle orta\u011f\u0131n i\u015fyerinde hizmete ya da mala \u00e7evirin.<\/p>\n<ol start=\"5\">\n<li>CAYMA HAKKI<\/li>\n<\/ol>\n<p>5.1 ALICI, s\u00f6zle\u015fmenin akdedildi\u011fi g\u00fcnden Turun ba\u015flamas\u0131na 12 saat kala herhangi bir mazeret g\u00f6stermeksizin<\/p>\n<p>cayma hakk\u0131na sahiptir.\u00a0 Tur ba\u015flamas\u0131zsa ve ba\u015flad\u0131ktan ve kat\u0131lamayaca\u011f\u0131n\u0131 bildirmemi\u015fse e\u011fer \u00f6deme yapm\u0131\u015fsa bileti yanar ve para iadesi yap\u0131lmaz.<\/p>\n<p>5.2 E\u011fer sanal biletinizi kredi kart\u0131 \/ banka havalesi ile alm\u0131\u015fsan\u0131z , \u00a0tur ba\u015flang\u0131c\u0131ndan 12 saat \u00f6nce tura kat\u0131lmak istenmedi\u011finizi \u00a0whatsapp veya mail yolu ile taraf\u0131m\u0131za bildirilmesi durumunda tur bedeli kadar bedel anla\u015fmal\u0131 banka arac\u0131l\u0131\u011f\u0131 ile ve bankan\u0131n belirledi\u011fi g\u00fcn s\u00fcresi i\u00e7erisinde m\u00fc\u015fteri kredi kart\u0131 hesab\u0131na \/ veya bildirece\u011fi bir hesaba para \u00a0iade edilir. \u0130ade \u015fart ve ko\u015fullar\u0131 bankan\u0131n belirlemi\u015f oldu\u011fu \u015fartlar ve kurallard\u0131r.<\/p>\n<p>5.3\u00a0 E-posta adresimiz. : marmarisavantaj@gmail.com 5.4 Bu hakk\u0131n kullan\u0131lmas\u0131 halinde, cayma bildiriminin taraf\u0131m\u0131za ula\u015ft\u0131\u011f\u0131 tarihten itibaren 10 (on) g\u00fcn i\u00e7erisinde alm\u0131\u015f oldu\u011fumuz bedeli iade etmeyi ve 20 (yirmi) g\u00fcn i\u00e7erisinde de iade konusu mal\u0131 geri almay\u0131 taahh\u00fct ederiz. ( Bu s\u00fcre bankan\u0131n iade s\u00fcrecinde belirledi\u011fi s\u00fcredir)<\/p>\n<ol start=\"6\">\n<li>CAYMA HAKKI A\u015eA\u011eIDAK\u0130 H\u0130ZMET SA\u011eLANMASI VE MAL TESL\u0130M\u0130NE \u0130L\u0130\u015eK\u0130N S\u00d6ZLE\u015eMELERDE<\/li>\n<\/ol>\n<p>UYGULANMAZ:<\/p>\n<p>6.1Seyahat konaklama, lokantac\u0131l\u0131k, e\u011flence sekt\u00f6r\u00fc gibi alanlarda hizmet veren sa\u011flay\u0131c\u0131larla kurulan<\/p>\n<p>ve sa\u011flay\u0131c\u0131n\u0131n belirli bir tarihte veya zaman dilimi i\u00e7inde s\u00f6zle\u015fme konusu hizmet edimini sunma<\/p>\n<p>y\u00fck\u00fcml\u00fcl\u00fc\u011f\u00fc alt\u0131na girdi\u011fi s\u00f6zle\u015fmelere, uygulanmaz. K\u0131sacas\u0131 hizmet al\u0131nm\u0131ssa ve al\u0131m\u0131ndan \u00f6nce itiraz edilmemi\u015fse <strong>para \u00a0iadesi yap\u0131lmaz.<\/strong><\/p>\n<p>6.2 . M\u00fc\u015fteri taraf\u0131ndan \u00f6deme veya rezervasyon yap\u0131lm\u0131\u015f olmas\u0131, m\u00fc\u015fterilerin\u00a0 tura kesin kat\u0131lan\u0131laca\u011f\u0131 anlam\u0131na gelmez. Kapasite dolumu olmu\u015fsa, hava \u015fartlar\u0131ndan dolay\u0131 tur yap\u0131lamayacaksa ve tekne\/ tura g\u00f6t\u00fcrecek arac\u0131n\u00a0 ar\u0131za yap\u0131p turu icra edemeyecek durumda olmas\u0131ndan veya ba\u015fka sebeplerden dolay\u0131 tur yap\u0131lamayacaksa turun \u00fccreti yukar\u0131da belirtilen s\u00fcre i\u00e7erisinde iade edilir. E\u011fer m\u00fc\u015fteri tura kat\u0131lmak i\u00e7in \u00f6nceden para \/kredi kart\u0131 ile \u00f6deme yapm\u0131\u015fsa , bu bedelin daha \u00fczerinde bir \u00f6deme yap\u0131lmaz. Rezervasyon yapt\u0131r\u0131l\u0131p m\u00fc\u015fteri taraf\u0131ndan her hangi bir \u00f6n \u00f6deme yap\u0131lmam\u0131\u015fsa firmam\u0131z taraf\u0131ndan hi\u00e7bir sebep g\u00f6sterilmeksizin rezervasyon iptal edilebilir , kar\u015f\u0131l\u0131\u011f\u0131nda kesinlikle bir \u00f6deme yap\u0131lmaz . Konu ile ilgili sorumlu tutulamaz.<\/p>\n<ol start=\"7\">\n<li>Sanal tura i\u015ftirak bileti sat\u0131\u015f\u0131 ancak yapt\u0131\u011f\u0131n\u0131z \u00f6demenin ba\u015far\u0131l\u0131 \u015fekilde kayda ge\u00e7irilmesiyle son bulur. \u015eayet<\/li>\n<\/ol>\n<p>yapaca\u011f\u0131n\u0131z \u00f6deme ilk denemede ba\u015far\u0131l\u0131 olmazsa (\u00f6rn. belirtilen banka hesab\u0131 mevcut de\u011filse, hesap<\/p>\n<p>yeterli bakiye arz etmiyorsa, kredi kart\u0131 numaras\u0131 yanl\u0131\u015f ise ya da kredi kart\u0131 limitini doldurmu\u015fsa), sanal bilet<\/p>\n<p>sat\u0131\u015f\u0131 ger\u00e7ekle\u015ftirilmez.<\/p>\n<ol start=\"8\">\n<li>Sanal bilet ba\u015far\u0131l\u0131 bir \u015fekilde sat\u0131n al\u0131nd\u0131ktan sonra e-mail \u00fczerinden, sipari\u015f i\u015fleminde belirtmi\u015f<\/li>\n<\/ol>\n<p>oldu\u011funuz e-mail adresinize g\u00f6nderilir. E-mail hesab\u0131n\u0131z\u0131n do\u011frulu\u011fu tamamen sizin vermi\u015f oldu\u011funuz<\/p>\n<p>&nbsp;<\/p>\n<p>adresin ge\u00e7erli olmas\u0131 ile ilgilidir. Yanl\u0131\u015f adres yaz\u0131mlar\u0131ndan kaynaklanan sanal bilet \u00a0g\u00f6nderimi<\/p>\n<p>ger\u00e7ekle\u015fmemesi durumunda www.marmarisavantaj.com\u2019un herhangi bir sorumlulu\u011fu bulunmamaktad\u0131r.<\/p>\n<p>Sanal bilet \u00a0g\u00f6nderimi, yap\u0131lan \u00f6deme banka hesab\u0131m\u0131zda kayda ge\u00e7er ge\u00e7mez ger\u00e7ekle\u015ftirilir.<\/p>\n<ol start=\"11\">\n<li>Sanal bilet \u00fczerinde \u00fczerinde, orta\u011f\u0131n kendisinde mevcut bir listeden \u00a0kar\u015f\u0131la\u015ft\u0131rd\u0131\u011f\u0131 \u00a0kod numaras\u0131 bulunmaktad\u0131r. Sanal biletlerin \u00e7o\u011falt\u0131lmas\u0131, \u00fczerinde de\u011fi\u015fiklik yap\u0131lmas\u0131 yada manip\u00fcle edilmesi yasakt\u0131r. Sanal biletin yasaya ayk\u0131r\u0131 bir \u015fekilde \u00e7o\u011falt\u0131ld\u0131\u011f\u0131na dair gerek\u00e7eli bir \u015f\u00fcphe ta\u015f\u0131mas\u0131 halinde, kaydedilen bilgileri ilgili orta\u011fa iletme ve yarg\u0131 yoluna gitme hakk\u0131n\u0131 sakl\u0131 tutar.<\/li>\n<li>\u015eayet farkl\u0131 bir husus belirtilmemi\u015fse, her bir sanal bilet yaln\u0131zca bir kere, kullan\u0131labilir. www.marmarisavantaj.com hizmetin sa\u011flay\u0131c\u0131s\u0131, sunucusu veya ifa edicisi olmad\u0131\u011f\u0131ndan verilen hizmetler ile ilgili<\/li>\n<\/ol>\n<p>herhangi bir sorumluluk kabul etmez. Kendi tekneleri hari\u00e7 di\u011fer turlar i\u00e7in sadece arac\u0131 konumundad\u0131r.<\/p>\n<ol start=\"13\">\n<li>Sanal biletler sadece turun yap\u0131laca\u011f\u0131 g\u00fcn i\u00e7erisinde ge\u00e7erlidir. E\u011fer m\u00fc\u015fteri tura kat\u0131lmam\u0131\u015fsa ve bunu 12 saat \u00f6nce yani kat\u0131lamayaca\u011f\u0131n\u0131 bildirmemi\u015f ise bileti yanar ve para iadesi ger\u00e7ekle\u015fmez. M\u00fc\u015fteri bu konuda hi\u00e7bir hak iddia edemez.<\/li>\n<li>Sitemiz m\u00fc\u015fterinin ortaktan sat\u0131n ald\u0131\u011f\u0131 hizmetler i\u00e7in kalite ya da \u00f6zelliklere dair \u00a0herhangi bir garanti \u00fcstlenmez. Bilette belirtilen hizmet, m\u00fc\u015fteriye ilgili ortak taraf\u0131ndan kendi ad\u0131na ve<\/li>\n<\/ol>\n<p>kendi hesab\u0131na yerine getirilir, ki bu sebepten dolay\u0131 www.marmarisavantaj.com m\u00fc\u015fteriye kar\u015f\u0131 orta\u011f\u0131n<\/p>\n<p>hizmeti yerine getirirken y\u00fck\u00fcml\u00fcl\u00fcklerini yerine getirmemesi durumundan sorumlu de\u011fildir. \u015eayet bilet<\/p>\n<p>hizmete ya da mala d\u00f6n\u00fc\u015ft\u00fcr\u00fcl\u00fcrken sorunlar meydana gelirse, www.marmarisavantaj.com bir \u00e7\u00f6z\u00fcm<\/p>\n<p>bulmaya \u00e7al\u0131\u015facakt\u0131r. L\u00fctfen bu durumda marmarisavantaj@gmail.com adresimize bir e-mail g\u00f6nderin ya<\/p>\n<p>da bizimle telefonla temasa ge\u00e7in.\u0130rtibat telefonumuz 0532 1364602 dir.<\/p>\n<p>&nbsp;<\/p>\n","protected":false},"excerpt":{"rendered":"<p>MESAFEL\u0130 SATI\u015e S\u00d6ZLE\u015eMES\u0130 : \u00c7ALI\u015eKANLAR TUR\u0130ZM SEYAHAT ACENTASI sahibi oldu\u011fu www.marmarisavantaj.com isimli web sitesinde, kendi tekneleri ile ba\u015fka seyahat acentalar\u0131n\u0131n turlar\u0131n\u0131n \u00f6ncelikle \u00f6n rezervasyonlar\u0131n\u0131 yapmakta , yap\u0131lan rezervasyon hitam\u0131nda m\u00fc\u015fteri tura gelirse biletleri o g\u00fcn teknede\/ara\u00e7ta kendilerine teslim etmektedir.. E\u011fer kredi kart\u0131 ile sat\u0131\u015f olacaksa kredi kart\u0131 ile al\u0131m imkan\u0131 da sitede m\u00fc\u015fterilere sunulmaktad\u0131r. www.marmarisavantaj.com [&#8230;]\n","protected":false},"author":4,"featured_media":0,"parent":0,"menu_order":0,"comment_status":"closed","ping_status":"closed","template":"","meta":{"footnotes":""},"class_list":["post-305","page","type-page","status-publish","hentry"],"yoast_head":"<!-- This site is optimized with the Yoast SEO Premium plugin v27.2 (Yoast SEO v27.3) - https:\/\/yoast.com\/product\/yoast-seo-premium-wordpress\/ -->\n<title>Mesafeli Sat\u0131\u015f S\u00f6zle\u015fmesi - \u042d\u043a\u0441\u043a\u0443\u0440\u0441\u0438\u0438 \u0432 \u041c\u0430\u0440\u043c\u0430\u0440\u0438\u0441\u0435 2026<\/title>\n<meta name=\"robots\" content=\"index, follow, max-snippet:-1, max-image-preview:large, max-video-preview:-1\" \/>\n<link rel=\"canonical\" href=\"https:\/\/marmarisavantaj.com\/ru\/mesafeli-satis-sozlesmesi\/\" \/>\n<meta property=\"og:locale\" content=\"ru_RU\" \/>\n<meta property=\"og:type\" content=\"article\" \/>\n<meta property=\"og:title\" content=\"Mesafeli Sat\u0131\u015f S\u00f6zle\u015fmesi\" \/>\n<meta property=\"og:description\" content=\"MESAFEL\u0130 SATI\u015e S\u00d6ZLE\u015eMES\u0130 : \u00c7ALI\u015eKANLAR TUR\u0130ZM SEYAHAT ACENTASI sahibi oldu\u011fu www.marmarisavantaj.com isimli web sitesinde, kendi tekneleri ile ba\u015fka seyahat acentalar\u0131n\u0131n turlar\u0131n\u0131n \u00f6ncelikle \u00f6n rezervasyonlar\u0131n\u0131 yapmakta , yap\u0131lan rezervasyon hitam\u0131nda m\u00fc\u015fteri tura gelirse biletleri o g\u00fcn teknede\/ara\u00e7ta kendilerine teslim etmektedir.. E\u011fer kredi kart\u0131 ile sat\u0131\u015f olacaksa kredi kart\u0131 ile al\u0131m imkan\u0131 da sitede m\u00fc\u015fterilere sunulmaktad\u0131r. www.marmarisavantaj.com [...]\" \/>\n<meta property=\"og:url\" content=\"https:\/\/marmarisavantaj.com\/ru\/mesafeli-satis-sozlesmesi\/\" \/>\n<meta property=\"og:site_name\" content=\"\u042d\u043a\u0441\u043a\u0443\u0440\u0441\u0438\u0438 \u0432 \u041c\u0430\u0440\u043c\u0430\u0440\u0438\u0441\u0435 2026\" \/>\n<meta name=\"twitter:label1\" content=\"\u041f\u0440\u0438\u043c\u0435\u0440\u043d\u043e\u0435 \u0432\u0440\u0435\u043c\u044f \u0434\u043b\u044f \u0447\u0442\u0435\u043d\u0438\u044f\" \/>\n\t<meta name=\"twitter:data1\" content=\"6 \u043c\u0438\u043d\u0443\u0442\" \/>\n<script type=\"application\/ld+json\" class=\"yoast-schema-graph\">{\"@context\":\"https:\\\/\\\/schema.org\",\"@graph\":[{\"@type\":\"WebPage\",\"@id\":\"https:\\\/\\\/marmarisavantaj.com\\\/ru\\\/mesafeli-satis-sozlesmesi\\\/\",\"url\":\"https:\\\/\\\/marmarisavantaj.com\\\/ru\\\/mesafeli-satis-sozlesmesi\\\/\",\"name\":\"Mesafeli Sat\u0131\u015f S\u00f6zle\u015fmesi - \u042d\u043a\u0441\u043a\u0443\u0440\u0441\u0438\u0438 \u0432 \u041c\u0430\u0440\u043c\u0430\u0440\u0438\u0441\u0435 2026\",\"isPartOf\":{\"@id\":\"https:\\\/\\\/marmarisavantaj.com\\\/ru\\\/#website\"},\"datePublished\":\"2019-04-27T06:46:39+00:00\",\"breadcrumb\":{\"@id\":\"https:\\\/\\\/marmarisavantaj.com\\\/ru\\\/mesafeli-satis-sozlesmesi\\\/#breadcrumb\"},\"inLanguage\":\"ru-RU\",\"potentialAction\":[{\"@type\":\"ReadAction\",\"target\":[\"https:\\\/\\\/marmarisavantaj.com\\\/ru\\\/mesafeli-satis-sozlesmesi\\\/\"]}]},{\"@type\":\"BreadcrumbList\",\"@id\":\"https:\\\/\\\/marmarisavantaj.com\\\/ru\\\/mesafeli-satis-sozlesmesi\\\/#breadcrumb\",\"itemListElement\":[{\"@type\":\"ListItem\",\"position\":1,\"name\":\"Ana Sayfa\",\"item\":\"https:\\\/\\\/marmarisavantaj.com\\\/ru\\\/\"},{\"@type\":\"ListItem\",\"position\":2,\"name\":\"Mesafeli Sat\u0131\u015f S\u00f6zle\u015fmesi\"}]},{\"@type\":\"WebSite\",\"@id\":\"https:\\\/\\\/marmarisavantaj.com\\\/ru\\\/#website\",\"url\":\"https:\\\/\\\/marmarisavantaj.com\\\/ru\\\/\",\"name\":\"\u042d\u043a\u0441\u043a\u0443\u0440\u0441\u0438\u0438 \u0432 \u041c\u0430\u0440\u043c\u0430\u0440\u0438\u0441\u0435 2026\",\"description\":\"\u042d\u043a\u0441\u043a\u0443\u0440\u0441\u0438\u0438 \u0432 \u041c\u0430\u0440\u043c\u0430\u0440\u0438\u0441\u0435 2026 - \u042d\u043a\u0441\u043a\u0443\u0440\u0441\u0438\u0438 \u0432 \u041c\u0430\u0440\u043c\u0430\u0440\u0438\u0441\u0435 \u0446\u0435\u043d\u044b 2026\",\"potentialAction\":[{\"@type\":\"SearchAction\",\"target\":{\"@type\":\"EntryPoint\",\"urlTemplate\":\"https:\\\/\\\/marmarisavantaj.com\\\/ru\\\/?s={search_term_string}\"},\"query-input\":{\"@type\":\"PropertyValueSpecification\",\"valueRequired\":true,\"valueName\":\"search_term_string\"}}],\"inLanguage\":\"ru-RU\"}]}<\/script>\n<!-- \/ Yoast SEO Premium plugin. -->","yoast_head_json":{"title":"Mesafeli Sat\u0131\u015f S\u00f6zle\u015fmesi - \u042d\u043a\u0441\u043a\u0443\u0440\u0441\u0438\u0438 \u0432 \u041c\u0430\u0440\u043c\u0430\u0440\u0438\u0441\u0435 2026","robots":{"index":"index","follow":"follow","max-snippet":"max-snippet:-1","max-image-preview":"max-image-preview:large","max-video-preview":"max-video-preview:-1"},"canonical":"https:\/\/marmarisavantaj.com\/ru\/mesafeli-satis-sozlesmesi\/","og_locale":"ru_RU","og_type":"article","og_title":"Mesafeli Sat\u0131\u015f S\u00f6zle\u015fmesi","og_description":"MESAFEL\u0130 SATI\u015e S\u00d6ZLE\u015eMES\u0130 : \u00c7ALI\u015eKANLAR TUR\u0130ZM SEYAHAT ACENTASI sahibi oldu\u011fu www.marmarisavantaj.com isimli web sitesinde, kendi tekneleri ile ba\u015fka seyahat acentalar\u0131n\u0131n turlar\u0131n\u0131n \u00f6ncelikle \u00f6n rezervasyonlar\u0131n\u0131 yapmakta , yap\u0131lan rezervasyon hitam\u0131nda m\u00fc\u015fteri tura gelirse biletleri o g\u00fcn teknede\/ara\u00e7ta kendilerine teslim etmektedir.. E\u011fer kredi kart\u0131 ile sat\u0131\u015f olacaksa kredi kart\u0131 ile al\u0131m imkan\u0131 da sitede m\u00fc\u015fterilere sunulmaktad\u0131r. www.marmarisavantaj.com [...]","og_url":"https:\/\/marmarisavantaj.com\/ru\/mesafeli-satis-sozlesmesi\/","og_site_name":"\u042d\u043a\u0441\u043a\u0443\u0440\u0441\u0438\u0438 \u0432 \u041c\u0430\u0440\u043c\u0430\u0440\u0438\u0441\u0435 2026","twitter_misc":{"\u041f\u0440\u0438\u043c\u0435\u0440\u043d\u043e\u0435 \u0432\u0440\u0435\u043c\u044f \u0434\u043b\u044f \u0447\u0442\u0435\u043d\u0438\u044f":"6 \u043c\u0438\u043d\u0443\u0442"},"schema":{"@context":"https:\/\/schema.org","@graph":[{"@type":"WebPage","@id":"https:\/\/marmarisavantaj.com\/ru\/mesafeli-satis-sozlesmesi\/","url":"https:\/\/marmarisavantaj.com\/ru\/mesafeli-satis-sozlesmesi\/","name":"Mesafeli Sat\u0131\u015f S\u00f6zle\u015fmesi - \u042d\u043a\u0441\u043a\u0443\u0440\u0441\u0438\u0438 \u0432 \u041c\u0430\u0440\u043c\u0430\u0440\u0438\u0441\u0435 2026","isPartOf":{"@id":"https:\/\/marmarisavantaj.com\/ru\/#website"},"datePublished":"2019-04-27T06:46:39+00:00","breadcrumb":{"@id":"https:\/\/marmarisavantaj.com\/ru\/mesafeli-satis-sozlesmesi\/#breadcrumb"},"inLanguage":"ru-RU","potentialAction":[{"@type":"ReadAction","target":["https:\/\/marmarisavantaj.com\/ru\/mesafeli-satis-sozlesmesi\/"]}]},{"@type":"BreadcrumbList","@id":"https:\/\/marmarisavantaj.com\/ru\/mesafeli-satis-sozlesmesi\/#breadcrumb","itemListElement":[{"@type":"ListItem","position":1,"name":"Ana Sayfa","item":"https:\/\/marmarisavantaj.com\/ru\/"},{"@type":"ListItem","position":2,"name":"Mesafeli Sat\u0131\u015f S\u00f6zle\u015fmesi"}]},{"@type":"WebSite","@id":"https:\/\/marmarisavantaj.com\/ru\/#website","url":"https:\/\/marmarisavantaj.com\/ru\/","name":"\u042d\u043a\u0441\u043a\u0443\u0440\u0441\u0438\u0438 \u0432 \u041c\u0430\u0440\u043c\u0430\u0440\u0438\u0441\u0435 2026","description":"\u042d\u043a\u0441\u043a\u0443\u0440\u0441\u0438\u0438 \u0432 \u041c\u0430\u0440\u043c\u0430\u0440\u0438\u0441\u0435 2026 - \u042d\u043a\u0441\u043a\u0443\u0440\u0441\u0438\u0438 \u0432 \u041c\u0430\u0440\u043c\u0430\u0440\u0438\u0441\u0435 \u0446\u0435\u043d\u044b 2026","potentialAction":[{"@type":"SearchAction","target":{"@type":"EntryPoint","urlTemplate":"https:\/\/marmarisavantaj.com\/ru\/?s={search_term_string}"},"query-input":{"@type":"PropertyValueSpecification","valueRequired":true,"valueName":"search_term_string"}}],"inLanguage":"ru-RU"}]}},"_links":{"self":[{"href":"https:\/\/marmarisavantaj.com\/ru\/wp-json\/wp\/v2\/pages\/305","targetHints":{"allow":["GET"]}}],"collection":[{"href":"https:\/\/marmarisavantaj.com\/ru\/wp-json\/wp\/v2\/pages"}],"about":[{"href":"https:\/\/marmarisavantaj.com\/ru\/wp-json\/wp\/v2\/types\/page"}],"author":[{"embeddable":true,"href":"https:\/\/marmarisavantaj.com\/ru\/wp-json\/wp\/v2\/users\/4"}],"replies":[{"embeddable":true,"href":"https:\/\/marmarisavantaj.com\/ru\/wp-json\/wp\/v2\/comments?post=305"}],"version-history":[{"count":0,"href":"https:\/\/marmarisavantaj.com\/ru\/wp-json\/wp\/v2\/pages\/305\/revisions"}],"wp:attachment":[{"href":"https:\/\/marmarisavantaj.com\/ru\/wp-json\/wp\/v2\/media?parent=305"}],"curies":[{"name":"wp","href":"https:\/\/api.w.org\/{rel}","templated":true}]}}