{"id":97,"date":"2026-04-03T13:11:00","date_gmt":"2026-04-03T13:11:00","guid":{"rendered":"https:\/\/marmarisavantaj.com\/ru\/?page_id=97"},"modified":"2026-04-04T11:32:23","modified_gmt":"2026-04-04T11:32:23","slug":"%d0%be-%d0%ba%d0%be%d0%bc%d0%bf%d0%b0%d0%bd%d0%b8%d0%b8","status":"publish","type":"page","link":"https:\/\/marmarisavantaj.com\/ru\/%d0%be-%d0%ba%d0%be%d0%bc%d0%bf%d0%b0%d0%bd%d0%b8%d0%b8\/","title":{"rendered":"\u041e \u041a\u041e\u041c\u041f\u0410\u041d\u0418\u0418"},"content":{"rendered":"\n\n\t<section class=\"section dark\" id=\"section_1112602979\">\n\t\t<div class=\"section-bg fill\" >\n\t\t\t<img loading=\"lazy\" decoding=\"async\" width=\"1200\" height=\"900\" src=\"https:\/\/marmarisavantaj.com\/ru\/wp-content\/uploads\/2026\/04\/caliskanlar-turizm-ofis.jpg\" class=\"bg attachment- size-\" alt=\"\" \/>\t\t\t\t\t\t<div class=\"section-bg-overlay absolute fill\"><\/div>\n\t\t\t\n\n\t\t<\/div>\n\n\t\t\n\n\t\t<div class=\"section-content relative\">\n\t\t\t\n\n\t<div id=\"gap-342715436\" class=\"gap-element clearfix\" style=\"display:block; height:auto;\">\n\t\t\n<style>\n#gap-342715436 {\n  padding-top: 30px;\n}\n<\/style>\n\t<\/div>\n\t\n\n<div class=\"row align-center\"  id=\"row-74010387\">\n\n\n\t<div id=\"col-1840456696\" class=\"col medium-7 small-12 large-5\"  >\n\t\t\t\t<div class=\"col-inner text-center\"  >\n\t\t\t\n\t\t\t\n\n\t<div id=\"text-1759178464\" class=\"text\">\n\t\t\n\n<h1>\u041e \u043d\u0430\u0441<\/h1>\n\t\t\n<style>\n#text-1759178464 {\n  font-size: 1.75rem;\n}\n<\/style>\n\t<\/div>\n\t\n<p>\u0441 1994 \u0433\u043e\u0434\u0430<\/p>\n\n\t\t<\/div>\n\t\t\t\t\t<\/div>\n\n\t\n\n<\/div>\n\n\t\t<\/div>\n\n\t\t\n<style>\n#section_1112602979 {\n  padding-top: 30px;\n  padding-bottom: 30px;\n  min-height: 290px;\n}\n#section_1112602979 .section-bg-overlay {\n  background-color: rgba(0, 0, 0, 0.16);\n}\n#section_1112602979 .section-bg img {\n  object-position: 59% 38%;\n}\n@media (min-width:550px) {\n  #section_1112602979 {\n    min-height: 350px;\n  }\n}\n<\/style>\n\t<\/section>\n\t\n\n\t<section class=\"section\" id=\"section_702843520\">\n\t\t<div class=\"section-bg fill\" >\n\t\t\t\t\t\t\t\t\t\n\t\t\t\n\n\t\t<\/div>\n\n\t\t\n\n\t\t<div class=\"section-content relative\">\n\t\t\t\n\n\t<div id=\"gap-1532661767\" class=\"gap-element clearfix\" style=\"display:block; height:auto;\">\n\t\t\n<style>\n#gap-1532661767 {\n  padding-top: 30px;\n}\n<\/style>\n\t<\/div>\n\t\n\n<div class=\"row row-large\"  id=\"row-289750521\">\n\n\n\t<div id=\"col-605558659\" class=\"col medium-4 small-12 large-4\"  >\n\t\t\t\t<div class=\"col-inner text-center\"  >\n\t\t\t\n\t\t\t\n\n<h3>\u041c\u0438\u0441\u0441\u0438\u044f:<\/h3>\n<p>\u041e\u0440\u0433\u0430\u043d\u0438\u0437\u043e\u0432\u044b\u0432\u0430\u0442\u044c \u0432\u044b\u0441\u043e\u043a\u043e\u043a\u0430\u0447\u0435\u0441\u0442\u0432\u0435\u043d\u043d\u044b\u0435 \u0442\u0443\u0440\u044b \u043f\u043e \u0434\u043e\u0441\u0442\u0443\u043f\u043d\u044b\u043c \u0446\u0435\u043d\u0430\u043c.<\/p>\n\n\t\t<\/div>\n\t\t\t\t\t<\/div>\n\n\t\n\n\t<div id=\"col-1442158468\" class=\"col medium-4 small-12 large-4\"  >\n\t\t\t\t<div class=\"col-inner text-center\"  >\n\t\t\t\n\t\t\t\n\n<h3>\u043d\u0430\u0448\u0438 \u0446\u0435\u043b\u0438<\/h3>\n<p>\u041c\u0430\u043a\u0441\u0438\u043c\u0430\u043b\u044c\u043d\u0430\u044f \u0443\u0434\u043e\u0432\u043b\u0435\u0442\u0432\u043e\u0440\u0435\u043d\u043d\u043e\u0441\u0442\u044c \u0441\u0438\u0441\u0442\u0435\u043c\u043e\u0439 \u043e\u043f\u043b\u0430\u0442\u044b \u043d\u0430 \u0431\u043e\u0440\u0442\u0443 \u0441\u0443\u0434\u043d\u0430 \u0432 \u0434\u0435\u043d\u044c \u044d\u043a\u0441\u043a\u0443\u0440\u0441\u0438\u0438.<\/p>\n\n\t\t<\/div>\n\t\t\t\t\t<\/div>\n\n\t\n\n\t<div id=\"col-1372609053\" class=\"col medium-4 small-12 large-4\"  >\n\t\t\t\t<div class=\"col-inner text-center\"  >\n\t\t\t\n\t\t\t\n\n<h3>\u043a\u043e\u043c\u043f\u0430\u043d\u0438\u044f<\/h3>\n<p>\u0412 2025 \u0433\u043e\u0434\u0443 \u043c\u044b \u0434\u043e\u0441\u0442\u0438\u0433\u043b\u0438 \u0443\u0440\u043e\u0432\u043d\u044f \u0443\u0434\u043e\u0432\u043b\u0435\u0442\u0432\u043e\u0440\u0435\u043d\u043d\u043e\u0441\u0442\u0438 \u043a\u043b\u0438\u0435\u043d\u0442\u043e\u0432 \u0432 91%. \u041d\u0430\u0448\u0430 \u0446\u0435\u043b\u044c \u043d\u0430 2026 \u0433\u043e\u0434 \u2014 95%.<\/p>\n\n\t\t<\/div>\n\t\t\t\t\t<\/div>\n\n\t\n\n<\/div>\n\n\t\t<\/div>\n\n\t\t\n<style>\n#section_702843520 {\n  padding-top: 20px;\n  padding-bottom: 20px;\n}\n@media (min-width:550px) {\n  #section_702843520 {\n    padding-top: 55px;\n    padding-bottom: 55px;\n  }\n}\n<\/style>\n\t<\/section>\n\t\n<p>\u0422\u0443\u0440\u0438\u0441\u0442\u0438\u0447\u0435\u0441\u043a\u043e\u0435 \u0430\u0433\u0435\u043d\u0442\u0441\u0442\u0432\u043e \u00c7al\u0131\u015fkanlar Tourism \u044f\u0432\u043b\u044f\u0435\u0442\u0441\u044f \u043d\u0430\u0438\u0431\u043e\u043b\u0435\u0435 \u0443\u043a\u043e\u0440\u0435\u043d\u0438\u0432\u0448\u0438\u043c \u0438 \u0440\u0430\u0431\u043e\u0442\u0430\u044e\u0449\u0438\u043c \u0434\u043e\u043b\u0433\u043e\u0435 \u0432\u0440\u0435\u043c\u044f \u0430\u0433\u0435\u043d\u0441\u0442\u0432\u043e\u043c \u041c\u0430\u0440\u043c\u0430\u0440\u0438\u0441\u0430 \u0438 \u043f\u0440\u0435\u0434\u043e\u0441\u0442\u0430\u0432\u043b\u044f\u0435\u043c \u0443\u0441\u043b\u0443\u0433\u0438 \u0441 1994 \u0433\u043e\u0434\u0430. \u0412 \u041c\u0430\u0440\u043c\u0430\u0440\u0438\u0441\u0435 \u0438\u043c\u0435\u0435\u043c 7 \u043e\u0444\u0438\u0441\u043e\u0432. \u0423\u0441\u043b\u0443\u0433\u0438\u00a0 \u0438\u043d\u0442\u0435\u0440\u043d\u0435\u0442-\u043f\u0440\u043e\u0434\u0430\u0436\u0430 \u043e\u0441\u0443\u0449\u0435\u0441\u0442\u0432\u043b\u044f\u044e\u0442\u0441\u044f \u0447\u0435\u0440\u0435\u0437 \u043d\u0430\u0448\u0443 \u0435\u0434\u0438\u043d\u0441\u0442\u0432\u0435\u043d\u043d\u0443\u044e \u0441\u0442\u0440\u0430\u043d\u0438\u0446\u0443 marmarisavantaj.com .\u00a0 \u041d\u0430\u0448\u0435 \u0432\u0438\u0434\u0435\u043d\u0438\u0435, \u043f\u0435\u0440\u0434\u043e\u0441\u0442\u0430\u0432\u043b\u044f\u0442\u044c \u0432\u0430\u043c, \u043b\u044e\u0431\u0438\u0442\u0435\u043b\u044f\u043c \u043e\u0442\u0434\u044b\u0445\u0430\u00a0 \u043d\u0435\u0437\u0430\u0431\u044b\u0432\u0430\u0435\u043c\u044b\u0435 \u0438 \u043a\u0430\u0447\u0430\u0435\u0441\u0442\u0432\u0435\u043d\u043d\u044b\u0435 \u0442\u0443\u0440\u044b \u0441 \u0434\u043e\u0441\u0442\u0443\u043f\u043d\u044b\u043c\u0438 \u0446\u0435\u043d\u0430\u043c\u0438, \u043b\u043e\u0434\u043a\u0430\u043c\u0438\u00a0 \u0430\u0433\u0435\u043d\u0441\u0442\u0432 \u0425\u0438\u0441\u0430\u0440\u0435\u043d\u044e, \u041a\u043b\u0435\u043e\u043f\u0430\u0442\u0440\u0430 \u0438 \u041c\u0430\u0440\u043c\u0430\u0440\u0438\u0441.<\/p>\n<p>\u041c\u044b \u0432\u0441\u0435\u0433\u0434\u0430 \u0440\u044f\u0434\u043e\u043c \u0441 \u0432\u0430\u043c\u0438 \u0432\u043e \u0432\u0441\u0435\u0445 \u043d\u044e\u0430\u043d\u0441\u0430\u0445 \u0442\u0443\u0440\u0430, \u0447\u0442\u043e\u0431\u044b \u043e\u0431\u0435\u0441\u043f\u0435\u0447\u0438\u0442\u044c \u043b\u0443\u0447\u0448\u0438\u0439 \u0438 \u043d\u0435\u0437\u0430\u0431\u044b\u0432\u0430\u0435\u043c\u044b\u0439 \u0442\u0443\u0440 \u0441 \u043d\u0430\u0448\u0438\u043c\u0438 \u0442\u0440\u0430\u043d\u0441\u0444\u0435\u0440\u043d\u044b\u043c\u0438 \u0443\u0441\u043b\u0443\u0433\u0430\u043c\u0438\u00a0 \u0441\u00a0 \u0441\u043e\u0431\u0441\u0442\u0432\u0435\u043d\u043d\u044b\u043c\u0438 \/ \u0430\u0440\u0435\u043d\u0434\u043e\u0432\u0430\u043d\u043d\u044b\u043c\u0438 \u0442\u0440\u0430\u043d\u0441\u043f\u043e\u0440\u0442\u043d\u044b\u043c\u0438 \u0441\u0440\u0435\u0434\u0441\u0442\u0432\u0430\u043c\u0438. \u042f\u0432\u043b\u044f\u044f\u0441\u044c \u0447\u043b\u0435\u043d\u043e\u043c TURSAB, \u0442\u0443\u0440\u0438\u0441\u0442\u0438\u0447\u0435\u0441\u043a\u043e\u0435 \u0430\u0433\u0435\u043d\u0442\u0441\u0442\u0432\u043e \u00c7al\u0131\u015fkanlar Turizm \u201c\u0410\u201d \u0441\u0442\u0440\u0435\u043c\u0438\u0442\u0441\u044f \u043f\u0440\u0435\u0434\u043e\u0441\u0442\u0430\u0432\u0438\u0442\u044c \u0432\u0430\u043c \u043a\u0430\u0447\u0435\u0441\u0442\u0432\u0435\u043d\u043d\u044b\u0439 \u0441\u0435\u0440\u0432\u0438\u0441 \u043f\u043e \u0434\u043e\u0441\u0442\u0443\u043f\u043d\u044b\u043c \u0446\u0435\u043d\u0430\u043c.<\/p>\n<p>\u041d\u0435 \u0442\u043e\u043b\u044c\u043a\u043e \u043b\u043e\u0434\u043e\u0447\u043d\u044b\u0439 \u0442\u0443\u0440, \u043c\u044b \u043f\u0440\u043e\u0434\u043e\u043b\u0436\u0438\u043c \u043f\u0440\u0435\u0434\u043e\u0441\u0442\u0430\u0432\u043b\u044f\u0442\u044c \u043b\u0443\u0447\u0448\u0438\u0439 \u0441\u0435\u0440\u0432\u0438\u0441 \u0432 \u0442\u0435\u0447\u0435\u043d\u0438\u0435 \u043c\u043d\u043e\u0433\u0438\u0445 \u043b\u0435\u0442 \u0441 \u043d\u043e\u0432\u044b\u043c\u0438 \u0442\u0443\u0440\u0430\u043c\u0438, \u043a\u043e\u0442\u043e\u0440\u044b\u0435 \u043c\u044b \u0434\u043e\u0431\u0430\u0432\u043b\u044f\u0435\u043c \u0432 \u043d\u0430\u0448\u0443 \u0441\u0442\u0440\u0443\u043a\u0442\u0443\u0440\u0443.<\/p>\n\n","protected":false},"excerpt":{"rendered":"#gap-2048853934 { padding-top: 30px; } \u041e \u043d\u0430\u0441 #text-854452272 { font-size: 1.75rem; } \u0441 1994 \u0433\u043e\u0434\u0430 #section_2139599122 { padding-top: 30px; padding-bottom: 30px; min-height: 290px; } #section_2139599122 .section-bg-overlay { background-color: rgba(0, 0, 0, 0.16); } #section_2139599122 .section-bg img { object-position: 59% 38%; } @media (min-width:550px) { #section_2139599122 { min-height: 350px; } } #gap-2132420817 { padding-top: 30px; } [...]","protected":false},"author":4,"featured_media":0,"parent":0,"menu_order":0,"comment_status":"closed","ping_status":"closed","template":"","meta":{"footnotes":""},"class_list":["post-97","page","type-page","status-publish","hentry"],"yoast_head":"<!-- This site is optimized with the Yoast SEO Premium plugin v27.2 (Yoast SEO v27.3) - https:\/\/yoast.com\/product\/yoast-seo-premium-wordpress\/ -->\n<title>\u041e \u041a\u041e\u041c\u041f\u0410\u041d\u0418\u0418 - \u042d\u043a\u0441\u043a\u0443\u0440\u0441\u0438\u0438 \u0432 \u041c\u0430\u0440\u043c\u0430\u0440\u0438\u0441\u0435 2026<\/title>\n<meta name=\"robots\" content=\"index, follow, max-snippet:-1, max-image-preview:large, max-video-preview:-1\" \/>\n<link rel=\"canonical\" href=\"https:\/\/marmarisavantaj.com\/ru\/\u043e-\u043a\u043e\u043c\u043f\u0430\u043d\u0438\u0438\/\" \/>\n<meta property=\"og:locale\" content=\"ru_RU\" \/>\n<meta property=\"og:type\" content=\"article\" \/>\n<meta property=\"og:title\" content=\"\u041e \u041a\u041e\u041c\u041f\u0410\u041d\u0418\u0418\" \/>\n<meta property=\"og:url\" content=\"https:\/\/marmarisavantaj.com\/ru\/\u043e-\u043a\u043e\u043c\u043f\u0430\u043d\u0438\u0438\/\" \/>\n<meta property=\"og:site_name\" content=\"\u042d\u043a\u0441\u043a\u0443\u0440\u0441\u0438\u0438 \u0432 \u041c\u0430\u0440\u043c\u0430\u0440\u0438\u0441\u0435 2026\" \/>\n<meta property=\"article:modified_time\" content=\"2026-04-04T11:32:23+00:00\" \/>\n<meta name=\"twitter:label1\" content=\"\u041f\u0440\u0438\u043c\u0435\u0440\u043d\u043e\u0435 \u0432\u0440\u0435\u043c\u044f \u0434\u043b\u044f \u0447\u0442\u0435\u043d\u0438\u044f\" \/>\n\t<meta name=\"twitter:data1\" content=\"2 \u043c\u0438\u043d\u0443\u0442\u044b\" \/>\n<script type=\"application\/ld+json\" class=\"yoast-schema-graph\">{\"@context\":\"https:\\\/\\\/schema.org\",\"@graph\":[{\"@type\":\"WebPage\",\"@id\":\"https:\\\/\\\/marmarisavantaj.com\\\/ru\\\/%d0%be-%d0%ba%d0%be%d0%bc%d0%bf%d0%b0%d0%bd%d0%b8%d0%b8\\\/\",\"url\":\"https:\\\/\\\/marmarisavantaj.com\\\/ru\\\/%d0%be-%d0%ba%d0%be%d0%bc%d0%bf%d0%b0%d0%bd%d0%b8%d0%b8\\\/\",\"name\":\"\u041e \u041a\u041e\u041c\u041f\u0410\u041d\u0418\u0418 - \u042d\u043a\u0441\u043a\u0443\u0440\u0441\u0438\u0438 \u0432 \u041c\u0430\u0440\u043c\u0430\u0440\u0438\u0441\u0435 2026\",\"isPartOf\":{\"@id\":\"https:\\\/\\\/marmarisavantaj.com\\\/ru\\\/#website\"},\"datePublished\":\"2026-04-03T13:11:00+00:00\",\"dateModified\":\"2026-04-04T11:32:23+00:00\",\"breadcrumb\":{\"@id\":\"https:\\\/\\\/marmarisavantaj.com\\\/ru\\\/%d0%be-%d0%ba%d0%be%d0%bc%d0%bf%d0%b0%d0%bd%d0%b8%d0%b8\\\/#breadcrumb\"},\"inLanguage\":\"ru-RU\",\"potentialAction\":[{\"@type\":\"ReadAction\",\"target\":[\"https:\\\/\\\/marmarisavantaj.com\\\/ru\\\/%d0%be-%d0%ba%d0%be%d0%bc%d0%bf%d0%b0%d0%bd%d0%b8%d0%b8\\\/\"]}]},{\"@type\":\"BreadcrumbList\",\"@id\":\"https:\\\/\\\/marmarisavantaj.com\\\/ru\\\/%d0%be-%d0%ba%d0%be%d0%bc%d0%bf%d0%b0%d0%bd%d0%b8%d0%b8\\\/#breadcrumb\",\"itemListElement\":[{\"@type\":\"ListItem\",\"position\":1,\"name\":\"Ana Sayfa\",\"item\":\"https:\\\/\\\/marmarisavantaj.com\\\/ru\\\/\"},{\"@type\":\"ListItem\",\"position\":2,\"name\":\"\u041e \u041a\u041e\u041c\u041f\u0410\u041d\u0418\u0418\"}]},{\"@type\":\"WebSite\",\"@id\":\"https:\\\/\\\/marmarisavantaj.com\\\/ru\\\/#website\",\"url\":\"https:\\\/\\\/marmarisavantaj.com\\\/ru\\\/\",\"name\":\"\u042d\u043a\u0441\u043a\u0443\u0440\u0441\u0438\u0438 \u0432 \u041c\u0430\u0440\u043c\u0430\u0440\u0438\u0441\u0435 2026\",\"description\":\"\u042d\u043a\u0441\u043a\u0443\u0440\u0441\u0438\u0438 \u0432 \u041c\u0430\u0440\u043c\u0430\u0440\u0438\u0441\u0435 2026 - \u042d\u043a\u0441\u043a\u0443\u0440\u0441\u0438\u0438 \u0432 \u041c\u0430\u0440\u043c\u0430\u0440\u0438\u0441\u0435 \u0446\u0435\u043d\u044b 2026\",\"potentialAction\":[{\"@type\":\"SearchAction\",\"target\":{\"@type\":\"EntryPoint\",\"urlTemplate\":\"https:\\\/\\\/marmarisavantaj.com\\\/ru\\\/?s={search_term_string}\"},\"query-input\":{\"@type\":\"PropertyValueSpecification\",\"valueRequired\":true,\"valueName\":\"search_term_string\"}}],\"inLanguage\":\"ru-RU\"}]}<\/script>\n<!-- \/ Yoast SEO Premium plugin. -->","yoast_head_json":{"title":"\u041e \u041a\u041e\u041c\u041f\u0410\u041d\u0418\u0418 - \u042d\u043a\u0441\u043a\u0443\u0440\u0441\u0438\u0438 \u0432 \u041c\u0430\u0440\u043c\u0430\u0440\u0438\u0441\u0435 2026","robots":{"index":"index","follow":"follow","max-snippet":"max-snippet:-1","max-image-preview":"max-image-preview:large","max-video-preview":"max-video-preview:-1"},"canonical":"https:\/\/marmarisavantaj.com\/ru\/\u043e-\u043a\u043e\u043c\u043f\u0430\u043d\u0438\u0438\/","og_locale":"ru_RU","og_type":"article","og_title":"\u041e \u041a\u041e\u041c\u041f\u0410\u041d\u0418\u0418","og_url":"https:\/\/marmarisavantaj.com\/ru\/\u043e-\u043a\u043e\u043c\u043f\u0430\u043d\u0438\u0438\/","og_site_name":"\u042d\u043a\u0441\u043a\u0443\u0440\u0441\u0438\u0438 \u0432 \u041c\u0430\u0440\u043c\u0430\u0440\u0438\u0441\u0435 2026","article_modified_time":"2026-04-04T11:32:23+00:00","twitter_misc":{"\u041f\u0440\u0438\u043c\u0435\u0440\u043d\u043e\u0435 \u0432\u0440\u0435\u043c\u044f \u0434\u043b\u044f \u0447\u0442\u0435\u043d\u0438\u044f":"2 \u043c\u0438\u043d\u0443\u0442\u044b"},"schema":{"@context":"https:\/\/schema.org","@graph":[{"@type":"WebPage","@id":"https:\/\/marmarisavantaj.com\/ru\/%d0%be-%d0%ba%d0%be%d0%bc%d0%bf%d0%b0%d0%bd%d0%b8%d0%b8\/","url":"https:\/\/marmarisavantaj.com\/ru\/%d0%be-%d0%ba%d0%be%d0%bc%d0%bf%d0%b0%d0%bd%d0%b8%d0%b8\/","name":"\u041e \u041a\u041e\u041c\u041f\u0410\u041d\u0418\u0418 - \u042d\u043a\u0441\u043a\u0443\u0440\u0441\u0438\u0438 \u0432 \u041c\u0430\u0440\u043c\u0430\u0440\u0438\u0441\u0435 2026","isPartOf":{"@id":"https:\/\/marmarisavantaj.com\/ru\/#website"},"datePublished":"2026-04-03T13:11:00+00:00","dateModified":"2026-04-04T11:32:23+00:00","breadcrumb":{"@id":"https:\/\/marmarisavantaj.com\/ru\/%d0%be-%d0%ba%d0%be%d0%bc%d0%bf%d0%b0%d0%bd%d0%b8%d0%b8\/#breadcrumb"},"inLanguage":"ru-RU","potentialAction":[{"@type":"ReadAction","target":["https:\/\/marmarisavantaj.com\/ru\/%d0%be-%d0%ba%d0%be%d0%bc%d0%bf%d0%b0%d0%bd%d0%b8%d0%b8\/"]}]},{"@type":"BreadcrumbList","@id":"https:\/\/marmarisavantaj.com\/ru\/%d0%be-%d0%ba%d0%be%d0%bc%d0%bf%d0%b0%d0%bd%d0%b8%d0%b8\/#breadcrumb","itemListElement":[{"@type":"ListItem","position":1,"name":"Ana Sayfa","item":"https:\/\/marmarisavantaj.com\/ru\/"},{"@type":"ListItem","position":2,"name":"\u041e \u041a\u041e\u041c\u041f\u0410\u041d\u0418\u0418"}]},{"@type":"WebSite","@id":"https:\/\/marmarisavantaj.com\/ru\/#website","url":"https:\/\/marmarisavantaj.com\/ru\/","name":"\u042d\u043a\u0441\u043a\u0443\u0440\u0441\u0438\u0438 \u0432 \u041c\u0430\u0440\u043c\u0430\u0440\u0438\u0441\u0435 2026","description":"\u042d\u043a\u0441\u043a\u0443\u0440\u0441\u0438\u0438 \u0432 \u041c\u0430\u0440\u043c\u0430\u0440\u0438\u0441\u0435 2026 - \u042d\u043a\u0441\u043a\u0443\u0440\u0441\u0438\u0438 \u0432 \u041c\u0430\u0440\u043c\u0430\u0440\u0438\u0441\u0435 \u0446\u0435\u043d\u044b 2026","potentialAction":[{"@type":"SearchAction","target":{"@type":"EntryPoint","urlTemplate":"https:\/\/marmarisavantaj.com\/ru\/?s={search_term_string}"},"query-input":{"@type":"PropertyValueSpecification","valueRequired":true,"valueName":"search_term_string"}}],"inLanguage":"ru-RU"}]}},"_links":{"self":[{"href":"https:\/\/marmarisavantaj.com\/ru\/wp-json\/wp\/v2\/pages\/97","targetHints":{"allow":["GET"]}}],"collection":[{"href":"https:\/\/marmarisavantaj.com\/ru\/wp-json\/wp\/v2\/pages"}],"about":[{"href":"https:\/\/marmarisavantaj.com\/ru\/wp-json\/wp\/v2\/types\/page"}],"author":[{"embeddable":true,"href":"https:\/\/marmarisavantaj.com\/ru\/wp-json\/wp\/v2\/users\/4"}],"replies":[{"embeddable":true,"href":"https:\/\/marmarisavantaj.com\/ru\/wp-json\/wp\/v2\/comments?post=97"}],"version-history":[{"count":5,"href":"https:\/\/marmarisavantaj.com\/ru\/wp-json\/wp\/v2\/pages\/97\/revisions"}],"predecessor-version":[{"id":705,"href":"https:\/\/marmarisavantaj.com\/ru\/wp-json\/wp\/v2\/pages\/97\/revisions\/705"}],"wp:attachment":[{"href":"https:\/\/marmarisavantaj.com\/ru\/wp-json\/wp\/v2\/media?parent=97"}],"curies":[{"name":"wp","href":"https:\/\/api.w.org\/{rel}","templated":true}]}}